{"id":867,"date":"2015-07-23T14:29:18","date_gmt":"2015-07-23T18:29:18","guid":{"rendered":"http:\/\/equipelabrosse.com\/?page_id=867"},"modified":"2022-02-03T20:25:48","modified_gmt":"2022-02-03T19:25:48","slug":"inspecteurs-en-batiment","status":"publish","type":"page","link":"https:\/\/equipelabrosse.com\/en\/partenaires\/inspecteurs-en-batiment\/","title":{"rendered":"Home inspectors"},"content":{"rendered":"<p><\/p>\n<ul>\n<li><strong><span style=\"color: #2a8bbf;\">Michel DOUCET<\/span><\/strong><br \/>\nLes inspecteurs du domain<\/li>\n<p>11 avenue Vital, St-Sauveur G0R 1R5 514.246.5333<br \/>\nmichel @ inspectiondudomain.ca<br \/>\ninspectiondudomain.ca<\/li>\n<\/ul>\n<ul>\n<ul>\n<li><strong><span style=\"color: #2a8bbf\">Jean BLUTEAU<\/span><\/strong><br \/>\n9181, boul. LaSalle, Montr\u00e9al QC, H8R 2M6<br \/>\n514-367-0699<br \/>\n<a href=\"http:\/\/www.jeanbluteau.com\">jbainspections@gmail.com<br \/>\nwww.jeanbluteau.com<\/a><\/li>\n<\/ul>\n<ul>\n<li><strong><span style=\"color: #2a8bbf\">Marc VERRET<\/span><\/strong><br \/>\nCentre d&#8217;inspection accr\u00e9dit\u00e9 du Qu\u00e9bec Inc. (CIA Qu\u00e9bec)<br \/>\n514.291.0955<br \/>\n<a href=\"http:\/\/www.cia-quebec.com\">www.cia-quebec.com<\/a><\/li>\n<\/ul>\n<p><\/p>","protected":false},"excerpt":{"rendered":"<p>Michel DOUCET Les inspecteurs du domain 11 avenue Vital, St-Sauveur G0R 1R5 514.246.5333 michel @ inspectiondudomain.ca inspectiondudomain.ca Jean BLUTEAU 9181, boul. LaSalle, Montr\u00e9al QC, H8R 2M6 514-367-0699 jbainspections@gmail.com www.jeanbluteau.com Marc VERRET Centre d&#8217;inspection accr\u00e9dit\u00e9 du Qu\u00e9bec Inc. (CIA Qu\u00e9bec) 514.291.0955 www.cia-quebec.com<\/p>\n","protected":false},"author":445,"featured_media":0,"parent":835,"menu_order":0,"comment_status":"open","ping_status":"open","template":"","meta":{"_acf_changed":false,"footnotes":""},"class_list":["post-867","page","type-page","status-publish","hentry"],"acf":[],"yoast_head":"<!-- This site is optimized with the Yoast SEO plugin v26.7 - https:\/\/yoast.com\/wordpress\/plugins\/seo\/ -->\n<title>Home inspectors - \u00c9quipe Labrosse<\/title>\n<meta name=\"robots\" content=\"index, follow, max-snippet:-1, max-image-preview:large, max-video-preview:-1\" \/>\n<link rel=\"canonical\" href=\"https:\/\/equipelabrosse.com\/partenaires\/inspecteurs-en-batiment\/\" \/>\n<meta property=\"og:locale\" content=\"en_US\" \/>\n<meta property=\"og:type\" content=\"article\" \/>\n<meta property=\"og:title\" content=\"Home inspectors - \u00c9quipe Labrosse\" \/>\n<meta property=\"og:description\" content=\"Michel DOUCET Les inspecteurs du domain 11 avenue Vital, St-Sauveur G0R 1R5 514.246.5333 michel @ inspectiondudomain.ca inspectiondudomain.ca Jean BLUTEAU 9181, boul. LaSalle, Montr\u00e9al QC, H8R 2M6 514-367-0699 jbainspections@gmail.com www.jeanbluteau.com Marc VERRET Centre d&#8217;inspection accr\u00e9dit\u00e9 du Qu\u00e9bec Inc. (CIA Qu\u00e9bec) 514.291.0955 www.cia-quebec.com\" \/>\n<meta property=\"og:url\" content=\"https:\/\/equipelabrosse.com\/partenaires\/inspecteurs-en-batiment\/\" \/>\n<meta property=\"og:site_name\" content=\"\u00c9quipe Labrosse\" \/>\n<meta property=\"article:publisher\" content=\"https:\/\/www.facebook.com\/equipelabrosse\" \/>\n<meta property=\"article:modified_time\" content=\"2022-02-03T19:25:48+00:00\" \/>\n<meta name=\"twitter:card\" content=\"summary_large_image\" \/>\n<meta name=\"twitter:site\" content=\"@EquipeLabrosse\" \/>\n<meta name=\"twitter:label1\" content=\"Est. reading time\" \/>\n\t<meta name=\"twitter:data1\" content=\"1 minute\" \/>\n<script type=\"application\/ld+json\" class=\"yoast-schema-graph\">{\"@context\":\"https:\/\/schema.org\",\"@graph\":[{\"@type\":\"WebPage\",\"@id\":\"https:\/\/equipelabrosse.com\/partenaires\/inspecteurs-en-batiment\/\",\"url\":\"https:\/\/equipelabrosse.com\/partenaires\/inspecteurs-en-batiment\/\",\"name\":\"[:fr]Inspecteurs en b\u00e2timent[:en]Home inspectors[:] - \u00c9quipe Labrosse\",\"isPartOf\":{\"@id\":\"https:\/\/equipelabrosse.com\/#website\"},\"datePublished\":\"2015-07-23T18:29:18+00:00\",\"dateModified\":\"2022-02-03T19:25:48+00:00\",\"breadcrumb\":{\"@id\":\"https:\/\/equipelabrosse.com\/partenaires\/inspecteurs-en-batiment\/#breadcrumb\"},\"inLanguage\":\"en-US\",\"potentialAction\":[{\"@type\":\"ReadAction\",\"target\":[\"https:\/\/equipelabrosse.com\/partenaires\/inspecteurs-en-batiment\/\"]}]},{\"@type\":\"BreadcrumbList\",\"@id\":\"https:\/\/equipelabrosse.com\/partenaires\/inspecteurs-en-batiment\/#breadcrumb\",\"itemListElement\":[{\"@type\":\"ListItem\",\"position\":1,\"name\":\"Accueil\",\"item\":\"https:\/\/equipelabrosse.com\/\"},{\"@type\":\"ListItem\",\"position\":2,\"name\":\"Partenaires\",\"item\":\"https:\/\/equipelabrosse.com\/partenaires\/\"},{\"@type\":\"ListItem\",\"position\":3,\"name\":\"Inspecteurs en b\u00e2timent\"}]},{\"@type\":\"WebSite\",\"@id\":\"https:\/\/equipelabrosse.com\/#website\",\"url\":\"https:\/\/equipelabrosse.com\/\",\"name\":\"\u00c9quipe Labrosse\",\"description\":\"Courtier Immobilier Montr\u00e9al, Plateau Mont-Royal, Rosemont, Villeray\",\"publisher\":{\"@id\":\"https:\/\/equipelabrosse.com\/#organization\"},\"potentialAction\":[{\"@type\":\"SearchAction\",\"target\":{\"@type\":\"EntryPoint\",\"urlTemplate\":\"https:\/\/equipelabrosse.com\/?s={search_term_string}\"},\"query-input\":{\"@type\":\"PropertyValueSpecification\",\"valueRequired\":true,\"valueName\":\"search_term_string\"}}],\"inLanguage\":\"en-US\"},{\"@type\":\"Organization\",\"@id\":\"https:\/\/equipelabrosse.com\/#organization\",\"name\":\"\u00c9quipe Labrosse Courtiers immobilier\",\"url\":\"https:\/\/equipelabrosse.com\/\",\"logo\":{\"@type\":\"ImageObject\",\"inLanguage\":\"en-US\",\"@id\":\"https:\/\/equipelabrosse.com\/#\/schema\/logo\/image\/\",\"url\":\"https:\/\/equipelabrosse.com\/files\/2022\/10\/EL-Equipe-Labrosse-Logo-Courtiers.png\",\"contentUrl\":\"https:\/\/equipelabrosse.com\/files\/2022\/10\/EL-Equipe-Labrosse-Logo-Courtiers.png\",\"width\":1055,\"height\":357,\"caption\":\"\u00c9quipe Labrosse Courtiers immobilier\"},\"image\":{\"@id\":\"https:\/\/equipelabrosse.com\/#\/schema\/logo\/image\/\"},\"sameAs\":[\"https:\/\/www.facebook.com\/equipelabrosse\",\"https:\/\/x.com\/EquipeLabrosse\",\"https:\/\/www.instagram.com\/equipelabrosse\/?hl=fr\",\"https:\/\/www.linkedin.com\/company\/72288987\/admin\/\"]}]}<\/script>\n<!-- \/ Yoast SEO plugin. -->","yoast_head_json":{"title":"Home inspectors - \u00c9quipe Labrosse","robots":{"index":"index","follow":"follow","max-snippet":"max-snippet:-1","max-image-preview":"max-image-preview:large","max-video-preview":"max-video-preview:-1"},"canonical":"https:\/\/equipelabrosse.com\/partenaires\/inspecteurs-en-batiment\/","og_locale":"en_US","og_type":"article","og_title":"Home inspectors - \u00c9quipe Labrosse","og_description":"Michel DOUCET Les inspecteurs du domain 11 avenue Vital, St-Sauveur G0R 1R5 514.246.5333 michel @ inspectiondudomain.ca inspectiondudomain.ca Jean BLUTEAU 9181, boul. LaSalle, Montr\u00e9al QC, H8R 2M6 514-367-0699 jbainspections@gmail.com www.jeanbluteau.com Marc VERRET Centre d&#8217;inspection accr\u00e9dit\u00e9 du Qu\u00e9bec Inc. (CIA Qu\u00e9bec) 514.291.0955 www.cia-quebec.com","og_url":"https:\/\/equipelabrosse.com\/partenaires\/inspecteurs-en-batiment\/","og_site_name":"\u00c9quipe Labrosse","article_publisher":"https:\/\/www.facebook.com\/equipelabrosse","article_modified_time":"2022-02-03T19:25:48+00:00","twitter_card":"summary_large_image","twitter_site":"@EquipeLabrosse","twitter_misc":{"Est. reading time":"1 minute"},"schema":{"@context":"https:\/\/schema.org","@graph":[{"@type":"WebPage","@id":"https:\/\/equipelabrosse.com\/partenaires\/inspecteurs-en-batiment\/","url":"https:\/\/equipelabrosse.com\/partenaires\/inspecteurs-en-batiment\/","name":"[:fr]Inspecteurs en b\u00e2timent[:en]Home inspectors[:] - \u00c9quipe Labrosse","isPartOf":{"@id":"https:\/\/equipelabrosse.com\/#website"},"datePublished":"2015-07-23T18:29:18+00:00","dateModified":"2022-02-03T19:25:48+00:00","breadcrumb":{"@id":"https:\/\/equipelabrosse.com\/partenaires\/inspecteurs-en-batiment\/#breadcrumb"},"inLanguage":"en-US","potentialAction":[{"@type":"ReadAction","target":["https:\/\/equipelabrosse.com\/partenaires\/inspecteurs-en-batiment\/"]}]},{"@type":"BreadcrumbList","@id":"https:\/\/equipelabrosse.com\/partenaires\/inspecteurs-en-batiment\/#breadcrumb","itemListElement":[{"@type":"ListItem","position":1,"name":"Accueil","item":"https:\/\/equipelabrosse.com\/"},{"@type":"ListItem","position":2,"name":"Partenaires","item":"https:\/\/equipelabrosse.com\/partenaires\/"},{"@type":"ListItem","position":3,"name":"Inspecteurs en b\u00e2timent"}]},{"@type":"WebSite","@id":"https:\/\/equipelabrosse.com\/#website","url":"https:\/\/equipelabrosse.com\/","name":"\u00c9quipe Labrosse","description":"Courtier Immobilier Montr\u00e9al, Plateau Mont-Royal, Rosemont, Villeray","publisher":{"@id":"https:\/\/equipelabrosse.com\/#organization"},"potentialAction":[{"@type":"SearchAction","target":{"@type":"EntryPoint","urlTemplate":"https:\/\/equipelabrosse.com\/?s={search_term_string}"},"query-input":{"@type":"PropertyValueSpecification","valueRequired":true,"valueName":"search_term_string"}}],"inLanguage":"en-US"},{"@type":"Organization","@id":"https:\/\/equipelabrosse.com\/#organization","name":"\u00c9quipe Labrosse Courtiers immobilier","url":"https:\/\/equipelabrosse.com\/","logo":{"@type":"ImageObject","inLanguage":"en-US","@id":"https:\/\/equipelabrosse.com\/#\/schema\/logo\/image\/","url":"https:\/\/equipelabrosse.com\/files\/2022\/10\/EL-Equipe-Labrosse-Logo-Courtiers.png","contentUrl":"https:\/\/equipelabrosse.com\/files\/2022\/10\/EL-Equipe-Labrosse-Logo-Courtiers.png","width":1055,"height":357,"caption":"\u00c9quipe Labrosse Courtiers immobilier"},"image":{"@id":"https:\/\/equipelabrosse.com\/#\/schema\/logo\/image\/"},"sameAs":["https:\/\/www.facebook.com\/equipelabrosse","https:\/\/x.com\/EquipeLabrosse","https:\/\/www.instagram.com\/equipelabrosse\/?hl=fr","https:\/\/www.linkedin.com\/company\/72288987\/admin\/"]}]}},"_links":{"self":[{"href":"https:\/\/equipelabrosse.com\/en\/wp-json\/wp\/v2\/pages\/867","targetHints":{"allow":["GET"]}}],"collection":[{"href":"https:\/\/equipelabrosse.com\/en\/wp-json\/wp\/v2\/pages"}],"about":[{"href":"https:\/\/equipelabrosse.com\/en\/wp-json\/wp\/v2\/types\/page"}],"author":[{"embeddable":true,"href":"https:\/\/equipelabrosse.com\/en\/wp-json\/wp\/v2\/users\/445"}],"replies":[{"embeddable":true,"href":"https:\/\/equipelabrosse.com\/en\/wp-json\/wp\/v2\/comments?post=867"}],"version-history":[{"count":2,"href":"https:\/\/equipelabrosse.com\/en\/wp-json\/wp\/v2\/pages\/867\/revisions"}],"predecessor-version":[{"id":1394,"href":"https:\/\/equipelabrosse.com\/en\/wp-json\/wp\/v2\/pages\/867\/revisions\/1394"}],"up":[{"embeddable":true,"href":"https:\/\/equipelabrosse.com\/en\/wp-json\/wp\/v2\/pages\/835"}],"wp:attachment":[{"href":"https:\/\/equipelabrosse.com\/en\/wp-json\/wp\/v2\/media?parent=867"}],"curies":[{"name":"wp","href":"https:\/\/api.w.org\/{rel}","templated":true}]}}