{"id":473,"date":"2014-02-25T11:00:08","date_gmt":"2014-02-25T16:00:08","guid":{"rendered":"http:\/\/equipelabrosse.com\/?page_id=473"},"modified":"2016-01-26T16:55:42","modified_gmt":"2016-01-26T21:55:42","slug":"lequipe-labrosse","status":"publish","type":"page","link":"https:\/\/equipelabrosse.com\/en\/lequipe-labrosse\/","title":{"rendered":"L&#8217;\u00c9quipe Labrosse"},"content":{"rendered":"<p><\/p>\n<ul>\n<li>Analyse de march\u00e9 pour fixer le juste prix et production d&#8217;un rapport \u00e9crit d\u00e9taill\u00e9<\/li>\n<li>Ma\u00eetrise des formulaires<\/li>\n<li>Diffusion de votre prorpi\u00e9t\u00e9 sur le r\u00e9seau inter-agence Centris pour maximiser la visibulit\u00e9 et l&#8217;achalandage de votre propri\u00e9t\u00e9<\/li>\n<li>V\u00e9rfification et validation de l&#8217;information diffus\u00e9e<\/li>\n<li>Pr\u00e9sence sur le site internet de viacapitalevendu.com et sur le site des courtiers<\/li>\n<li>Protections propri\u00e9taires, acheteurs et hypoth\u00e9caires gratuites ainsi que l&#8217;assistance juridique, publicit\u00e9 dans les quotidiens<\/li>\n<li>Tenue de visite libre et ou de caravane<\/li>\n<li>Utilisation des r\u00e9saux sociaux<\/li>\n<li>Photographies professionnelles<\/li>\n<li>Compte-rendu p\u00e9riodique des activit\u00e9s<\/li>\n<li>recommandations de sp\u00e9cialistes reli\u00e9s \u00e0 l&#8217;immobilier<\/li>\n<li>Diffusion sur la toile: Kijiji, Craig&#8217;s List<\/li>\n<li>Ouverture d&#8217;un compte Mon Via pour le vendeur<\/li>\n<li>Installation d&#8217;une pancartre<\/li>\n<li>Affichage des photos en vitrine sur l&#8217;Avenue du Mont-Royal<\/li>\n<li>Prise en charge compl\u00e8te de l&#8217;acheteur<\/li>\n<li>Recherche personnalis\u00e9e de propri\u00e9t\u00e9s<\/li>\n<li>Planification des visites<\/li>\n<li>Mise en place de d&#8217;une recherche automatis\u00e9e sur le site Centris<\/li>\n<li>N\u00e9gociation<\/li>\n<\/ul>\n<h2>Secteurs<\/h2>\n<p>Quartiers centraux de l&#8217;\u00cele de Montr\u00e9al:<\/p>\n<ul>\n<li>Plateau<\/li>\n<li>Ville-Marie<\/li>\n<li>Rosemont<\/li>\n<li>Villeray<\/li>\n<li>Ahuntsic<\/li>\n<li>Outremont<\/li>\n<li>Westmount<\/li>\n<li>Ho-Ma<\/li>\n<\/ul>\n<h2>Collaborateurs<\/h2>\n<ul>\n<li>Inspecteurs en b\u00e2timent<\/li>\n<li>Notaires<\/li>\n<li>Courtiers hypot\u00e9caires<\/li>\n<li>Ing\u00e9nieurs<\/li>\n<li>Architectes<\/li>\n<li>Arpenteurs<\/li>\n<li>Avocats: tous sont reconnus dans leur domaine respectif<\/li>\n<\/ul>\n<p><\/p>","protected":false},"excerpt":{"rendered":"<p>Analyse de march\u00e9 pour fixer le juste prix et production d&#8217;un rapport \u00e9crit d\u00e9taill\u00e9 Ma\u00eetrise des formulaires Diffusion de votre prorpi\u00e9t\u00e9 sur le r\u00e9seau inter-agence Centris pour maximiser la visibulit\u00e9 et l&#8217;achalandage de votre propri\u00e9t\u00e9 V\u00e9rfification et validation de l&#8217;information diffus\u00e9e Pr\u00e9sence sur le site internet de viacapitalevendu.com et sur le site des courtiers Protections [&hellip;]<\/p>\n","protected":false},"author":121,"featured_media":0,"parent":0,"menu_order":43,"comment_status":"open","ping_status":"closed","template":"","meta":{"_acf_changed":false,"footnotes":""},"class_list":["post-473","page","type-page","status-publish","hentry"],"acf":[],"yoast_head":"<!-- This site is optimized with the Yoast SEO plugin v26.7 - https:\/\/yoast.com\/wordpress\/plugins\/seo\/ -->\n<title>L&#039;\u00c9quipe Labrosse - \u00c9quipe Labrosse<\/title>\n<meta name=\"robots\" content=\"index, follow, max-snippet:-1, max-image-preview:large, max-video-preview:-1\" \/>\n<link rel=\"canonical\" href=\"https:\/\/equipelabrosse.com\/lequipe-labrosse\/\" \/>\n<meta property=\"og:locale\" content=\"en_US\" \/>\n<meta property=\"og:type\" content=\"article\" \/>\n<meta property=\"og:title\" content=\"L&#039;\u00c9quipe Labrosse - \u00c9quipe Labrosse\" \/>\n<meta property=\"og:description\" content=\"Analyse de march\u00e9 pour fixer le juste prix et production d&#8217;un rapport \u00e9crit d\u00e9taill\u00e9 Ma\u00eetrise des formulaires Diffusion de votre prorpi\u00e9t\u00e9 sur le r\u00e9seau inter-agence Centris pour maximiser la visibulit\u00e9 et l&#8217;achalandage de votre propri\u00e9t\u00e9 V\u00e9rfification et validation de l&#8217;information diffus\u00e9e Pr\u00e9sence sur le site internet de viacapitalevendu.com et sur le site des courtiers Protections [&hellip;]\" \/>\n<meta property=\"og:url\" content=\"https:\/\/equipelabrosse.com\/lequipe-labrosse\/\" \/>\n<meta property=\"og:site_name\" content=\"\u00c9quipe Labrosse\" \/>\n<meta property=\"article:publisher\" content=\"https:\/\/www.facebook.com\/equipelabrosse\" \/>\n<meta property=\"article:modified_time\" content=\"2016-01-26T21:55:42+00:00\" \/>\n<meta name=\"twitter:card\" content=\"summary_large_image\" \/>\n<meta name=\"twitter:site\" content=\"@EquipeLabrosse\" \/>\n<meta name=\"twitter:label1\" content=\"Est. reading time\" \/>\n\t<meta name=\"twitter:data1\" content=\"2 minutes\" \/>\n<script type=\"application\/ld+json\" class=\"yoast-schema-graph\">{\"@context\":\"https:\/\/schema.org\",\"@graph\":[{\"@type\":\"WebPage\",\"@id\":\"https:\/\/equipelabrosse.com\/lequipe-labrosse\/\",\"url\":\"https:\/\/equipelabrosse.com\/lequipe-labrosse\/\",\"name\":\"L'\u00c9quipe Labrosse - \u00c9quipe Labrosse\",\"isPartOf\":{\"@id\":\"https:\/\/equipelabrosse.com\/#website\"},\"datePublished\":\"2014-02-25T16:00:08+00:00\",\"dateModified\":\"2016-01-26T21:55:42+00:00\",\"breadcrumb\":{\"@id\":\"https:\/\/equipelabrosse.com\/lequipe-labrosse\/#breadcrumb\"},\"inLanguage\":\"en-US\",\"potentialAction\":[{\"@type\":\"ReadAction\",\"target\":[\"https:\/\/equipelabrosse.com\/lequipe-labrosse\/\"]}]},{\"@type\":\"BreadcrumbList\",\"@id\":\"https:\/\/equipelabrosse.com\/lequipe-labrosse\/#breadcrumb\",\"itemListElement\":[{\"@type\":\"ListItem\",\"position\":1,\"name\":\"Accueil\",\"item\":\"https:\/\/equipelabrosse.com\/\"},{\"@type\":\"ListItem\",\"position\":2,\"name\":\"L&rsquo;\u00c9quipe Labrosse\"}]},{\"@type\":\"WebSite\",\"@id\":\"https:\/\/equipelabrosse.com\/#website\",\"url\":\"https:\/\/equipelabrosse.com\/\",\"name\":\"\u00c9quipe Labrosse\",\"description\":\"Courtier Immobilier Montr\u00e9al, Plateau Mont-Royal, Rosemont, Villeray\",\"publisher\":{\"@id\":\"https:\/\/equipelabrosse.com\/#organization\"},\"potentialAction\":[{\"@type\":\"SearchAction\",\"target\":{\"@type\":\"EntryPoint\",\"urlTemplate\":\"https:\/\/equipelabrosse.com\/?s={search_term_string}\"},\"query-input\":{\"@type\":\"PropertyValueSpecification\",\"valueRequired\":true,\"valueName\":\"search_term_string\"}}],\"inLanguage\":\"en-US\"},{\"@type\":\"Organization\",\"@id\":\"https:\/\/equipelabrosse.com\/#organization\",\"name\":\"\u00c9quipe Labrosse Courtiers immobilier\",\"url\":\"https:\/\/equipelabrosse.com\/\",\"logo\":{\"@type\":\"ImageObject\",\"inLanguage\":\"en-US\",\"@id\":\"https:\/\/equipelabrosse.com\/#\/schema\/logo\/image\/\",\"url\":\"https:\/\/equipelabrosse.com\/files\/2022\/10\/EL-Equipe-Labrosse-Logo-Courtiers.png\",\"contentUrl\":\"https:\/\/equipelabrosse.com\/files\/2022\/10\/EL-Equipe-Labrosse-Logo-Courtiers.png\",\"width\":1055,\"height\":357,\"caption\":\"\u00c9quipe Labrosse Courtiers immobilier\"},\"image\":{\"@id\":\"https:\/\/equipelabrosse.com\/#\/schema\/logo\/image\/\"},\"sameAs\":[\"https:\/\/www.facebook.com\/equipelabrosse\",\"https:\/\/x.com\/EquipeLabrosse\",\"https:\/\/www.instagram.com\/equipelabrosse\/?hl=fr\",\"https:\/\/www.linkedin.com\/company\/72288987\/admin\/\"]}]}<\/script>\n<!-- \/ Yoast SEO plugin. -->","yoast_head_json":{"title":"L'\u00c9quipe Labrosse - \u00c9quipe Labrosse","robots":{"index":"index","follow":"follow","max-snippet":"max-snippet:-1","max-image-preview":"max-image-preview:large","max-video-preview":"max-video-preview:-1"},"canonical":"https:\/\/equipelabrosse.com\/lequipe-labrosse\/","og_locale":"en_US","og_type":"article","og_title":"L'\u00c9quipe Labrosse - \u00c9quipe Labrosse","og_description":"Analyse de march\u00e9 pour fixer le juste prix et production d&#8217;un rapport \u00e9crit d\u00e9taill\u00e9 Ma\u00eetrise des formulaires Diffusion de votre prorpi\u00e9t\u00e9 sur le r\u00e9seau inter-agence Centris pour maximiser la visibulit\u00e9 et l&#8217;achalandage de votre propri\u00e9t\u00e9 V\u00e9rfification et validation de l&#8217;information diffus\u00e9e Pr\u00e9sence sur le site internet de viacapitalevendu.com et sur le site des courtiers Protections [&hellip;]","og_url":"https:\/\/equipelabrosse.com\/lequipe-labrosse\/","og_site_name":"\u00c9quipe Labrosse","article_publisher":"https:\/\/www.facebook.com\/equipelabrosse","article_modified_time":"2016-01-26T21:55:42+00:00","twitter_card":"summary_large_image","twitter_site":"@EquipeLabrosse","twitter_misc":{"Est. reading time":"2 minutes"},"schema":{"@context":"https:\/\/schema.org","@graph":[{"@type":"WebPage","@id":"https:\/\/equipelabrosse.com\/lequipe-labrosse\/","url":"https:\/\/equipelabrosse.com\/lequipe-labrosse\/","name":"L'\u00c9quipe Labrosse - \u00c9quipe Labrosse","isPartOf":{"@id":"https:\/\/equipelabrosse.com\/#website"},"datePublished":"2014-02-25T16:00:08+00:00","dateModified":"2016-01-26T21:55:42+00:00","breadcrumb":{"@id":"https:\/\/equipelabrosse.com\/lequipe-labrosse\/#breadcrumb"},"inLanguage":"en-US","potentialAction":[{"@type":"ReadAction","target":["https:\/\/equipelabrosse.com\/lequipe-labrosse\/"]}]},{"@type":"BreadcrumbList","@id":"https:\/\/equipelabrosse.com\/lequipe-labrosse\/#breadcrumb","itemListElement":[{"@type":"ListItem","position":1,"name":"Accueil","item":"https:\/\/equipelabrosse.com\/"},{"@type":"ListItem","position":2,"name":"L&rsquo;\u00c9quipe Labrosse"}]},{"@type":"WebSite","@id":"https:\/\/equipelabrosse.com\/#website","url":"https:\/\/equipelabrosse.com\/","name":"\u00c9quipe Labrosse","description":"Courtier Immobilier Montr\u00e9al, Plateau Mont-Royal, Rosemont, Villeray","publisher":{"@id":"https:\/\/equipelabrosse.com\/#organization"},"potentialAction":[{"@type":"SearchAction","target":{"@type":"EntryPoint","urlTemplate":"https:\/\/equipelabrosse.com\/?s={search_term_string}"},"query-input":{"@type":"PropertyValueSpecification","valueRequired":true,"valueName":"search_term_string"}}],"inLanguage":"en-US"},{"@type":"Organization","@id":"https:\/\/equipelabrosse.com\/#organization","name":"\u00c9quipe Labrosse Courtiers immobilier","url":"https:\/\/equipelabrosse.com\/","logo":{"@type":"ImageObject","inLanguage":"en-US","@id":"https:\/\/equipelabrosse.com\/#\/schema\/logo\/image\/","url":"https:\/\/equipelabrosse.com\/files\/2022\/10\/EL-Equipe-Labrosse-Logo-Courtiers.png","contentUrl":"https:\/\/equipelabrosse.com\/files\/2022\/10\/EL-Equipe-Labrosse-Logo-Courtiers.png","width":1055,"height":357,"caption":"\u00c9quipe Labrosse Courtiers immobilier"},"image":{"@id":"https:\/\/equipelabrosse.com\/#\/schema\/logo\/image\/"},"sameAs":["https:\/\/www.facebook.com\/equipelabrosse","https:\/\/x.com\/EquipeLabrosse","https:\/\/www.instagram.com\/equipelabrosse\/?hl=fr","https:\/\/www.linkedin.com\/company\/72288987\/admin\/"]}]}},"_links":{"self":[{"href":"https:\/\/equipelabrosse.com\/en\/wp-json\/wp\/v2\/pages\/473","targetHints":{"allow":["GET"]}}],"collection":[{"href":"https:\/\/equipelabrosse.com\/en\/wp-json\/wp\/v2\/pages"}],"about":[{"href":"https:\/\/equipelabrosse.com\/en\/wp-json\/wp\/v2\/types\/page"}],"author":[{"embeddable":true,"href":"https:\/\/equipelabrosse.com\/en\/wp-json\/wp\/v2\/users\/121"}],"replies":[{"embeddable":true,"href":"https:\/\/equipelabrosse.com\/en\/wp-json\/wp\/v2\/comments?post=473"}],"version-history":[{"count":0,"href":"https:\/\/equipelabrosse.com\/en\/wp-json\/wp\/v2\/pages\/473\/revisions"}],"wp:attachment":[{"href":"https:\/\/equipelabrosse.com\/en\/wp-json\/wp\/v2\/media?parent=473"}],"curies":[{"name":"wp","href":"https:\/\/api.w.org\/{rel}","templated":true}]}}