{"id":457,"date":"2014-02-25T10:40:18","date_gmt":"2014-02-25T15:40:18","guid":{"rendered":"http:\/\/equipelabrosse.com\/?page_id=457"},"modified":"2022-04-21T20:38:31","modified_gmt":"2022-04-21T18:38:31","slug":"evelyne-labrosse","status":"publish","type":"page","link":"https:\/\/equipelabrosse.com\/en\/lequipe-labrosse\/evelyne-labrosse\/","title":{"rendered":"\u00c9velyne Labrosse"},"content":{"rendered":"<p><\/p>\n<h2><img loading=\"lazy\" decoding=\"async\" class=\"alignright\" title=\"evelyne\" src=\"http:\/\/equipelabrosse.com\/files\/2014\/02\/evelyne-200x300.jpg\" alt=\"\" width=\"200\" height=\"300\" \/>Training and achievements<\/h2>\n<p>University studies in literature, administration and psychologie. Artistic training in music and cinema. Entrepreneur, event planning agent and artist representation.<\/p>\n<p>I am a young, dynamic and sporty woman with a thirst for life. Passionate about sports including triathlon (Iron Man Mont-Tremblant 2013). Always on the lookout for the latest trends in design and architecture. Always seeking the latest technology and marketing tools to provide you with effective marketing and that meets the trends of the times. It is important for me to master the tools of proactive marketing and the web. I also have extensive experience in renovation and conversion of buildings, expertise in new condos and condo conversions.<\/p>\n<p>Our team consists of people who share the same philosophy and values: professionalism, honesty, integrity, social awareness and foremost, respect for self and others. A matter of heart and expertise! The customer is the center of our concerns and this is the key to our success! We all have one crazy dream, we make one claim: to change the image of real estate brokers.<\/p>\n<p>Passion, knowledge and respect are my trademark, let me guide you in your dreams!<\/p>","protected":false},"excerpt":{"rendered":"<p>Training and achievements University studies in literature, administration and psychologie. Artistic training in music and cinema. Entrepreneur, event planning agent and artist representation. I am a young, dynamic and sporty woman with a thirst for life. Passionate about sports including triathlon (Iron Man Mont-Tremblant 2013). Always on the lookout for the latest trends in design [&hellip;]<\/p>\n","protected":false},"author":121,"featured_media":0,"parent":473,"menu_order":1,"comment_status":"open","ping_status":"closed","template":"","meta":{"_acf_changed":false,"footnotes":""},"class_list":["post-457","page","type-page","status-publish","hentry"],"acf":[],"yoast_head":"<!-- This site is optimized with the Yoast SEO plugin v26.7 - https:\/\/yoast.com\/wordpress\/plugins\/seo\/ -->\n<title>\u00c9velyne Labrosse - \u00c9quipe Labrosse<\/title>\n<meta name=\"description\" content=\"Apprenez-en davantage sur \u00c9velyne Labrosse, courtier immobilier r\u00e9sidentiel et commercial dans la r\u00e9gion de Montr\u00e9al.\" \/>\n<meta name=\"robots\" content=\"index, follow, max-snippet:-1, max-image-preview:large, max-video-preview:-1\" \/>\n<link rel=\"canonical\" href=\"https:\/\/equipelabrosse.com\/en\/lequipe-labrosse\/evelyne-labrosse\/\" \/>\n<meta property=\"og:locale\" content=\"en_US\" \/>\n<meta property=\"og:type\" content=\"article\" \/>\n<meta property=\"og:title\" content=\"\u00c9velyne Labrosse - \u00c9quipe Labrosse\" \/>\n<meta property=\"og:description\" content=\"Apprenez-en davantage sur \u00c9velyne Labrosse, courtier immobilier r\u00e9sidentiel et commercial dans la r\u00e9gion de Montr\u00e9al.\" \/>\n<meta property=\"og:url\" content=\"https:\/\/equipelabrosse.com\/en\/lequipe-labrosse\/evelyne-labrosse\/\" \/>\n<meta property=\"og:site_name\" content=\"\u00c9quipe Labrosse\" \/>\n<meta property=\"article:publisher\" content=\"https:\/\/www.facebook.com\/equipelabrosse\" \/>\n<meta property=\"article:modified_time\" content=\"2022-04-21T18:38:31+00:00\" \/>\n<meta property=\"og:image\" content=\"http:\/\/equipelabrosse.com\/files\/2014\/02\/evelyne-200x300.jpg\" \/>\n<meta name=\"twitter:card\" content=\"summary_large_image\" \/>\n<meta name=\"twitter:site\" content=\"@EquipeLabrosse\" \/>\n<meta name=\"twitter:label1\" content=\"Est. reading time\" \/>\n\t<meta name=\"twitter:data1\" content=\"2 minutes\" \/>\n<script type=\"application\/ld+json\" class=\"yoast-schema-graph\">{\"@context\":\"https:\/\/schema.org\",\"@graph\":[{\"@type\":\"WebPage\",\"@id\":\"https:\/\/equipelabrosse.com\/en\/lequipe-labrosse\/evelyne-labrosse\/\",\"url\":\"https:\/\/equipelabrosse.com\/en\/lequipe-labrosse\/evelyne-labrosse\/\",\"name\":\"\u00c9velyne Labrosse - \u00c9quipe Labrosse\",\"isPartOf\":{\"@id\":\"https:\/\/equipelabrosse.com\/#website\"},\"primaryImageOfPage\":{\"@id\":\"https:\/\/equipelabrosse.com\/en\/lequipe-labrosse\/evelyne-labrosse\/#primaryimage\"},\"image\":{\"@id\":\"https:\/\/equipelabrosse.com\/en\/lequipe-labrosse\/evelyne-labrosse\/#primaryimage\"},\"thumbnailUrl\":\"http:\/\/equipelabrosse.com\/files\/2014\/02\/evelyne-200x300.jpg\",\"datePublished\":\"2014-02-25T15:40:18+00:00\",\"dateModified\":\"2022-04-21T18:38:31+00:00\",\"description\":\"Apprenez-en davantage sur \u00c9velyne Labrosse, courtier immobilier r\u00e9sidentiel et commercial dans la r\u00e9gion de Montr\u00e9al.\",\"breadcrumb\":{\"@id\":\"https:\/\/equipelabrosse.com\/en\/lequipe-labrosse\/evelyne-labrosse\/#breadcrumb\"},\"inLanguage\":\"en-US\",\"potentialAction\":[{\"@type\":\"ReadAction\",\"target\":[\"https:\/\/equipelabrosse.com\/en\/lequipe-labrosse\/evelyne-labrosse\/\"]}]},{\"@type\":\"ImageObject\",\"inLanguage\":\"en-US\",\"@id\":\"https:\/\/equipelabrosse.com\/en\/lequipe-labrosse\/evelyne-labrosse\/#primaryimage\",\"url\":\"http:\/\/equipelabrosse.com\/files\/2014\/02\/evelyne-200x300.jpg\",\"contentUrl\":\"http:\/\/equipelabrosse.com\/files\/2014\/02\/evelyne-200x300.jpg\"},{\"@type\":\"BreadcrumbList\",\"@id\":\"https:\/\/equipelabrosse.com\/en\/lequipe-labrosse\/evelyne-labrosse\/#breadcrumb\",\"itemListElement\":[{\"@type\":\"ListItem\",\"position\":1,\"name\":\"Accueil\",\"item\":\"https:\/\/equipelabrosse.com\/\"},{\"@type\":\"ListItem\",\"position\":2,\"name\":\"L&rsquo;\u00c9quipe Labrosse\",\"item\":\"https:\/\/equipelabrosse.com\/lequipe-labrosse\/\"},{\"@type\":\"ListItem\",\"position\":3,\"name\":\"\u00c9velyne Labrosse\"}]},{\"@type\":\"WebSite\",\"@id\":\"https:\/\/equipelabrosse.com\/#website\",\"url\":\"https:\/\/equipelabrosse.com\/\",\"name\":\"\u00c9quipe Labrosse\",\"description\":\"Courtier Immobilier Montr\u00e9al, Plateau Mont-Royal, Rosemont, Villeray\",\"publisher\":{\"@id\":\"https:\/\/equipelabrosse.com\/#organization\"},\"potentialAction\":[{\"@type\":\"SearchAction\",\"target\":{\"@type\":\"EntryPoint\",\"urlTemplate\":\"https:\/\/equipelabrosse.com\/?s={search_term_string}\"},\"query-input\":{\"@type\":\"PropertyValueSpecification\",\"valueRequired\":true,\"valueName\":\"search_term_string\"}}],\"inLanguage\":\"en-US\"},{\"@type\":\"Organization\",\"@id\":\"https:\/\/equipelabrosse.com\/#organization\",\"name\":\"\u00c9quipe Labrosse Courtiers immobilier\",\"url\":\"https:\/\/equipelabrosse.com\/\",\"logo\":{\"@type\":\"ImageObject\",\"inLanguage\":\"en-US\",\"@id\":\"https:\/\/equipelabrosse.com\/#\/schema\/logo\/image\/\",\"url\":\"https:\/\/equipelabrosse.com\/files\/2022\/10\/EL-Equipe-Labrosse-Logo-Courtiers.png\",\"contentUrl\":\"https:\/\/equipelabrosse.com\/files\/2022\/10\/EL-Equipe-Labrosse-Logo-Courtiers.png\",\"width\":1055,\"height\":357,\"caption\":\"\u00c9quipe Labrosse Courtiers immobilier\"},\"image\":{\"@id\":\"https:\/\/equipelabrosse.com\/#\/schema\/logo\/image\/\"},\"sameAs\":[\"https:\/\/www.facebook.com\/equipelabrosse\",\"https:\/\/x.com\/EquipeLabrosse\",\"https:\/\/www.instagram.com\/equipelabrosse\/?hl=fr\",\"https:\/\/www.linkedin.com\/company\/72288987\/admin\/\"]}]}<\/script>\n<!-- \/ Yoast SEO plugin. -->","yoast_head_json":{"title":"\u00c9velyne Labrosse - \u00c9quipe Labrosse","description":"Apprenez-en davantage sur \u00c9velyne Labrosse, courtier immobilier r\u00e9sidentiel et commercial dans la r\u00e9gion de Montr\u00e9al.","robots":{"index":"index","follow":"follow","max-snippet":"max-snippet:-1","max-image-preview":"max-image-preview:large","max-video-preview":"max-video-preview:-1"},"canonical":"https:\/\/equipelabrosse.com\/en\/lequipe-labrosse\/evelyne-labrosse\/","og_locale":"en_US","og_type":"article","og_title":"\u00c9velyne Labrosse - \u00c9quipe Labrosse","og_description":"Apprenez-en davantage sur \u00c9velyne Labrosse, courtier immobilier r\u00e9sidentiel et commercial dans la r\u00e9gion de Montr\u00e9al.","og_url":"https:\/\/equipelabrosse.com\/en\/lequipe-labrosse\/evelyne-labrosse\/","og_site_name":"\u00c9quipe Labrosse","article_publisher":"https:\/\/www.facebook.com\/equipelabrosse","article_modified_time":"2022-04-21T18:38:31+00:00","og_image":[{"url":"http:\/\/equipelabrosse.com\/files\/2014\/02\/evelyne-200x300.jpg","type":"","width":"","height":""}],"twitter_card":"summary_large_image","twitter_site":"@EquipeLabrosse","twitter_misc":{"Est. reading time":"2 minutes"},"schema":{"@context":"https:\/\/schema.org","@graph":[{"@type":"WebPage","@id":"https:\/\/equipelabrosse.com\/en\/lequipe-labrosse\/evelyne-labrosse\/","url":"https:\/\/equipelabrosse.com\/en\/lequipe-labrosse\/evelyne-labrosse\/","name":"\u00c9velyne Labrosse - \u00c9quipe Labrosse","isPartOf":{"@id":"https:\/\/equipelabrosse.com\/#website"},"primaryImageOfPage":{"@id":"https:\/\/equipelabrosse.com\/en\/lequipe-labrosse\/evelyne-labrosse\/#primaryimage"},"image":{"@id":"https:\/\/equipelabrosse.com\/en\/lequipe-labrosse\/evelyne-labrosse\/#primaryimage"},"thumbnailUrl":"http:\/\/equipelabrosse.com\/files\/2014\/02\/evelyne-200x300.jpg","datePublished":"2014-02-25T15:40:18+00:00","dateModified":"2022-04-21T18:38:31+00:00","description":"Apprenez-en davantage sur \u00c9velyne Labrosse, courtier immobilier r\u00e9sidentiel et commercial dans la r\u00e9gion de Montr\u00e9al.","breadcrumb":{"@id":"https:\/\/equipelabrosse.com\/en\/lequipe-labrosse\/evelyne-labrosse\/#breadcrumb"},"inLanguage":"en-US","potentialAction":[{"@type":"ReadAction","target":["https:\/\/equipelabrosse.com\/en\/lequipe-labrosse\/evelyne-labrosse\/"]}]},{"@type":"ImageObject","inLanguage":"en-US","@id":"https:\/\/equipelabrosse.com\/en\/lequipe-labrosse\/evelyne-labrosse\/#primaryimage","url":"http:\/\/equipelabrosse.com\/files\/2014\/02\/evelyne-200x300.jpg","contentUrl":"http:\/\/equipelabrosse.com\/files\/2014\/02\/evelyne-200x300.jpg"},{"@type":"BreadcrumbList","@id":"https:\/\/equipelabrosse.com\/en\/lequipe-labrosse\/evelyne-labrosse\/#breadcrumb","itemListElement":[{"@type":"ListItem","position":1,"name":"Accueil","item":"https:\/\/equipelabrosse.com\/"},{"@type":"ListItem","position":2,"name":"L&rsquo;\u00c9quipe Labrosse","item":"https:\/\/equipelabrosse.com\/lequipe-labrosse\/"},{"@type":"ListItem","position":3,"name":"\u00c9velyne Labrosse"}]},{"@type":"WebSite","@id":"https:\/\/equipelabrosse.com\/#website","url":"https:\/\/equipelabrosse.com\/","name":"\u00c9quipe Labrosse","description":"Courtier Immobilier Montr\u00e9al, Plateau Mont-Royal, Rosemont, Villeray","publisher":{"@id":"https:\/\/equipelabrosse.com\/#organization"},"potentialAction":[{"@type":"SearchAction","target":{"@type":"EntryPoint","urlTemplate":"https:\/\/equipelabrosse.com\/?s={search_term_string}"},"query-input":{"@type":"PropertyValueSpecification","valueRequired":true,"valueName":"search_term_string"}}],"inLanguage":"en-US"},{"@type":"Organization","@id":"https:\/\/equipelabrosse.com\/#organization","name":"\u00c9quipe Labrosse Courtiers immobilier","url":"https:\/\/equipelabrosse.com\/","logo":{"@type":"ImageObject","inLanguage":"en-US","@id":"https:\/\/equipelabrosse.com\/#\/schema\/logo\/image\/","url":"https:\/\/equipelabrosse.com\/files\/2022\/10\/EL-Equipe-Labrosse-Logo-Courtiers.png","contentUrl":"https:\/\/equipelabrosse.com\/files\/2022\/10\/EL-Equipe-Labrosse-Logo-Courtiers.png","width":1055,"height":357,"caption":"\u00c9quipe Labrosse Courtiers immobilier"},"image":{"@id":"https:\/\/equipelabrosse.com\/#\/schema\/logo\/image\/"},"sameAs":["https:\/\/www.facebook.com\/equipelabrosse","https:\/\/x.com\/EquipeLabrosse","https:\/\/www.instagram.com\/equipelabrosse\/?hl=fr","https:\/\/www.linkedin.com\/company\/72288987\/admin\/"]}]}},"_links":{"self":[{"href":"https:\/\/equipelabrosse.com\/en\/wp-json\/wp\/v2\/pages\/457","targetHints":{"allow":["GET"]}}],"collection":[{"href":"https:\/\/equipelabrosse.com\/en\/wp-json\/wp\/v2\/pages"}],"about":[{"href":"https:\/\/equipelabrosse.com\/en\/wp-json\/wp\/v2\/types\/page"}],"author":[{"embeddable":true,"href":"https:\/\/equipelabrosse.com\/en\/wp-json\/wp\/v2\/users\/121"}],"replies":[{"embeddable":true,"href":"https:\/\/equipelabrosse.com\/en\/wp-json\/wp\/v2\/comments?post=457"}],"version-history":[{"count":2,"href":"https:\/\/equipelabrosse.com\/en\/wp-json\/wp\/v2\/pages\/457\/revisions"}],"predecessor-version":[{"id":1678,"href":"https:\/\/equipelabrosse.com\/en\/wp-json\/wp\/v2\/pages\/457\/revisions\/1678"}],"up":[{"embeddable":true,"href":"https:\/\/equipelabrosse.com\/en\/wp-json\/wp\/v2\/pages\/473"}],"wp:attachment":[{"href":"https:\/\/equipelabrosse.com\/en\/wp-json\/wp\/v2\/media?parent=457"}],"curies":[{"name":"wp","href":"https:\/\/api.w.org\/{rel}","templated":true}]}}