{"id":121,"date":"2012-05-11T19:07:06","date_gmt":"2012-05-11T23:07:06","guid":{"rendered":"http:\/\/public.mediasimple.ca\/remax_papachristou\/?page_id=121"},"modified":"2022-04-21T19:02:36","modified_gmt":"2022-04-21T17:02:36","slug":"faut-il-acheter-ou-vendre-dabord","status":"publish","type":"page","link":"https:\/\/equipelabrosse.com\/en\/vendre-2\/faut-il-acheter-ou-vendre-dabord\/","title":{"rendered":"Should You Buy or Sell First?"},"content":{"rendered":"<p>Is it better to buy a new home or sell your existing home first? Both options have their advantages and their risks. By carefully examining the pros and cons, and by providing alternatives in case of setbacks, you will be able to make an informed decision.<\/p>\n<p><strong>Selling First<\/strong><br \/>\nBy selling your current home before buying a new one, you&#8217;ll know the exact amount you&#8217;ll be receiving from the sale. You&#8217;ll therefore have a very good idea of how much money is available to buy your new home.<\/p>\n<p>You might start feeling an urgent need to find a new home right away. But keep in mind that you&#8217;ll already have all the information needed to make your promise to purchase. For example, you&#8217;ll know when the buyers of your current home are moving in, and can therefore easily establish when you&#8217;ll need to take possession of your new home. If ever the dates don&#8217;t coincide, you can always plan for temporary accommodation.<\/p>\n<p><strong>Buying First<\/strong><br \/>\nWhen you buy first, you&#8217;ll know your new address, the exact price of your new home, the date on which you&#8217;ll become owner and the transaction date. You&#8217;ll be able to consider these things when you receive a promise to purchase for your current home.<\/p>\n<p>You can also make a promise to purchase that is conditional on the sale of your home. In this case, the owner of the property you&#8217;re interested in might receive another offer without any conditions. In order to give yours priority, the owner will ask you to withdraw your condition. You will therefore have to decide whether you&#8217;d rather buy that property before selling your existing home, or withdraw your offer.<\/p>\n<p>One way or another, it&#8217;s a good idea to plan a temporary source of financing in case your current home isn&#8217;t sold when you sign the purchase contract for your new home.<\/p>\n<p>SOURCE: <a title=\"CENTRIS.CA\" href=\"http:\/\/www.centris.ca\" target=\"_blank\" rel=\"noopener\">CENTRIS.CA<\/a><\/p>\n<p><\/p>","protected":false},"excerpt":{"rendered":"<p>Is it better to buy a new home or sell your existing home first? Both options have their advantages and their risks. By carefully examining the pros and cons, and by providing alternatives in case of setbacks, you will be able to make an informed decision. Selling First By selling your current home before buying [&hellip;]<\/p>\n","protected":false},"author":1,"featured_media":0,"parent":15,"menu_order":0,"comment_status":"open","ping_status":"closed","template":"","meta":{"_acf_changed":false,"footnotes":""},"class_list":["post-121","page","type-page","status-publish","hentry"],"acf":[],"yoast_head":"<!-- This site is optimized with the Yoast SEO plugin v26.7 - https:\/\/yoast.com\/wordpress\/plugins\/seo\/ -->\n<title>Faut-il acheter ou vendre d&#039;abord? | L&#039;\u00c9quipe Labrosse<\/title>\n<meta name=\"description\" content=\"Faut-il acheter ou vendre sa propri\u00e9t\u00e9 d&#039;abord? Chaque option comporte ses avantages et ses risques. D\u00e9couvrez-les dans notre article!\" \/>\n<meta name=\"robots\" content=\"index, follow, max-snippet:-1, max-image-preview:large, max-video-preview:-1\" \/>\n<link rel=\"canonical\" href=\"https:\/\/equipelabrosse.com\/vendre-2\/faut-il-acheter-ou-vendre-dabord\/\" \/>\n<meta property=\"og:locale\" content=\"en_US\" \/>\n<meta property=\"og:type\" content=\"article\" \/>\n<meta property=\"og:title\" content=\"Faut-il acheter ou vendre d&#039;abord? | L&#039;\u00c9quipe Labrosse\" \/>\n<meta property=\"og:description\" content=\"Faut-il acheter ou vendre sa propri\u00e9t\u00e9 d&#039;abord? Chaque option comporte ses avantages et ses risques. D\u00e9couvrez-les dans notre article!\" \/>\n<meta property=\"og:url\" content=\"https:\/\/equipelabrosse.com\/vendre-2\/faut-il-acheter-ou-vendre-dabord\/\" \/>\n<meta property=\"og:site_name\" content=\"\u00c9quipe Labrosse\" \/>\n<meta property=\"article:publisher\" content=\"https:\/\/www.facebook.com\/equipelabrosse\" \/>\n<meta property=\"article:modified_time\" content=\"2022-04-21T17:02:36+00:00\" \/>\n<meta name=\"twitter:card\" content=\"summary_large_image\" \/>\n<meta name=\"twitter:site\" content=\"@EquipeLabrosse\" \/>\n<meta name=\"twitter:label1\" content=\"Est. reading time\" \/>\n\t<meta name=\"twitter:data1\" content=\"2 minutes\" \/>\n<script type=\"application\/ld+json\" class=\"yoast-schema-graph\">{\"@context\":\"https:\/\/schema.org\",\"@graph\":[{\"@type\":\"WebPage\",\"@id\":\"https:\/\/equipelabrosse.com\/vendre-2\/faut-il-acheter-ou-vendre-dabord\/\",\"url\":\"https:\/\/equipelabrosse.com\/vendre-2\/faut-il-acheter-ou-vendre-dabord\/\",\"name\":\"Faut-il acheter ou vendre d'abord? | L'\u00c9quipe Labrosse\",\"isPartOf\":{\"@id\":\"https:\/\/equipelabrosse.com\/#website\"},\"datePublished\":\"2012-05-11T23:07:06+00:00\",\"dateModified\":\"2022-04-21T17:02:36+00:00\",\"description\":\"Faut-il acheter ou vendre sa propri\u00e9t\u00e9 d'abord? Chaque option comporte ses avantages et ses risques. D\u00e9couvrez-les dans notre article!\",\"breadcrumb\":{\"@id\":\"https:\/\/equipelabrosse.com\/vendre-2\/faut-il-acheter-ou-vendre-dabord\/#breadcrumb\"},\"inLanguage\":\"en-US\",\"potentialAction\":[{\"@type\":\"ReadAction\",\"target\":[\"https:\/\/equipelabrosse.com\/vendre-2\/faut-il-acheter-ou-vendre-dabord\/\"]}]},{\"@type\":\"BreadcrumbList\",\"@id\":\"https:\/\/equipelabrosse.com\/vendre-2\/faut-il-acheter-ou-vendre-dabord\/#breadcrumb\",\"itemListElement\":[{\"@type\":\"ListItem\",\"position\":1,\"name\":\"Accueil\",\"item\":\"https:\/\/equipelabrosse.com\/\"},{\"@type\":\"ListItem\",\"position\":2,\"name\":\"Sell\",\"item\":\"https:\/\/equipelabrosse.com\/en\/vendre-2\/\"},{\"@type\":\"ListItem\",\"position\":3,\"name\":\"Faut-il acheter ou vendre d&rsquo;abord?\"}]},{\"@type\":\"WebSite\",\"@id\":\"https:\/\/equipelabrosse.com\/#website\",\"url\":\"https:\/\/equipelabrosse.com\/\",\"name\":\"\u00c9quipe Labrosse\",\"description\":\"Courtier Immobilier Montr\u00e9al, Plateau Mont-Royal, Rosemont, Villeray\",\"publisher\":{\"@id\":\"https:\/\/equipelabrosse.com\/#organization\"},\"potentialAction\":[{\"@type\":\"SearchAction\",\"target\":{\"@type\":\"EntryPoint\",\"urlTemplate\":\"https:\/\/equipelabrosse.com\/?s={search_term_string}\"},\"query-input\":{\"@type\":\"PropertyValueSpecification\",\"valueRequired\":true,\"valueName\":\"search_term_string\"}}],\"inLanguage\":\"en-US\"},{\"@type\":\"Organization\",\"@id\":\"https:\/\/equipelabrosse.com\/#organization\",\"name\":\"\u00c9quipe Labrosse Courtiers immobilier\",\"url\":\"https:\/\/equipelabrosse.com\/\",\"logo\":{\"@type\":\"ImageObject\",\"inLanguage\":\"en-US\",\"@id\":\"https:\/\/equipelabrosse.com\/#\/schema\/logo\/image\/\",\"url\":\"https:\/\/equipelabrosse.com\/files\/2022\/10\/EL-Equipe-Labrosse-Logo-Courtiers.png\",\"contentUrl\":\"https:\/\/equipelabrosse.com\/files\/2022\/10\/EL-Equipe-Labrosse-Logo-Courtiers.png\",\"width\":1055,\"height\":357,\"caption\":\"\u00c9quipe Labrosse Courtiers immobilier\"},\"image\":{\"@id\":\"https:\/\/equipelabrosse.com\/#\/schema\/logo\/image\/\"},\"sameAs\":[\"https:\/\/www.facebook.com\/equipelabrosse\",\"https:\/\/x.com\/EquipeLabrosse\",\"https:\/\/www.instagram.com\/equipelabrosse\/?hl=fr\",\"https:\/\/www.linkedin.com\/company\/72288987\/admin\/\"]}]}<\/script>\n<!-- \/ Yoast SEO plugin. -->","yoast_head_json":{"title":"Faut-il acheter ou vendre d'abord? | L'\u00c9quipe Labrosse","description":"Faut-il acheter ou vendre sa propri\u00e9t\u00e9 d'abord? Chaque option comporte ses avantages et ses risques. D\u00e9couvrez-les dans notre article!","robots":{"index":"index","follow":"follow","max-snippet":"max-snippet:-1","max-image-preview":"max-image-preview:large","max-video-preview":"max-video-preview:-1"},"canonical":"https:\/\/equipelabrosse.com\/vendre-2\/faut-il-acheter-ou-vendre-dabord\/","og_locale":"en_US","og_type":"article","og_title":"Faut-il acheter ou vendre d'abord? | L'\u00c9quipe Labrosse","og_description":"Faut-il acheter ou vendre sa propri\u00e9t\u00e9 d'abord? Chaque option comporte ses avantages et ses risques. D\u00e9couvrez-les dans notre article!","og_url":"https:\/\/equipelabrosse.com\/vendre-2\/faut-il-acheter-ou-vendre-dabord\/","og_site_name":"\u00c9quipe Labrosse","article_publisher":"https:\/\/www.facebook.com\/equipelabrosse","article_modified_time":"2022-04-21T17:02:36+00:00","twitter_card":"summary_large_image","twitter_site":"@EquipeLabrosse","twitter_misc":{"Est. reading time":"2 minutes"},"schema":{"@context":"https:\/\/schema.org","@graph":[{"@type":"WebPage","@id":"https:\/\/equipelabrosse.com\/vendre-2\/faut-il-acheter-ou-vendre-dabord\/","url":"https:\/\/equipelabrosse.com\/vendre-2\/faut-il-acheter-ou-vendre-dabord\/","name":"Faut-il acheter ou vendre d'abord? | L'\u00c9quipe Labrosse","isPartOf":{"@id":"https:\/\/equipelabrosse.com\/#website"},"datePublished":"2012-05-11T23:07:06+00:00","dateModified":"2022-04-21T17:02:36+00:00","description":"Faut-il acheter ou vendre sa propri\u00e9t\u00e9 d'abord? Chaque option comporte ses avantages et ses risques. D\u00e9couvrez-les dans notre article!","breadcrumb":{"@id":"https:\/\/equipelabrosse.com\/vendre-2\/faut-il-acheter-ou-vendre-dabord\/#breadcrumb"},"inLanguage":"en-US","potentialAction":[{"@type":"ReadAction","target":["https:\/\/equipelabrosse.com\/vendre-2\/faut-il-acheter-ou-vendre-dabord\/"]}]},{"@type":"BreadcrumbList","@id":"https:\/\/equipelabrosse.com\/vendre-2\/faut-il-acheter-ou-vendre-dabord\/#breadcrumb","itemListElement":[{"@type":"ListItem","position":1,"name":"Accueil","item":"https:\/\/equipelabrosse.com\/"},{"@type":"ListItem","position":2,"name":"Sell","item":"https:\/\/equipelabrosse.com\/en\/vendre-2\/"},{"@type":"ListItem","position":3,"name":"Faut-il acheter ou vendre d&rsquo;abord?"}]},{"@type":"WebSite","@id":"https:\/\/equipelabrosse.com\/#website","url":"https:\/\/equipelabrosse.com\/","name":"\u00c9quipe Labrosse","description":"Courtier Immobilier Montr\u00e9al, Plateau Mont-Royal, Rosemont, Villeray","publisher":{"@id":"https:\/\/equipelabrosse.com\/#organization"},"potentialAction":[{"@type":"SearchAction","target":{"@type":"EntryPoint","urlTemplate":"https:\/\/equipelabrosse.com\/?s={search_term_string}"},"query-input":{"@type":"PropertyValueSpecification","valueRequired":true,"valueName":"search_term_string"}}],"inLanguage":"en-US"},{"@type":"Organization","@id":"https:\/\/equipelabrosse.com\/#organization","name":"\u00c9quipe Labrosse Courtiers immobilier","url":"https:\/\/equipelabrosse.com\/","logo":{"@type":"ImageObject","inLanguage":"en-US","@id":"https:\/\/equipelabrosse.com\/#\/schema\/logo\/image\/","url":"https:\/\/equipelabrosse.com\/files\/2022\/10\/EL-Equipe-Labrosse-Logo-Courtiers.png","contentUrl":"https:\/\/equipelabrosse.com\/files\/2022\/10\/EL-Equipe-Labrosse-Logo-Courtiers.png","width":1055,"height":357,"caption":"\u00c9quipe Labrosse Courtiers immobilier"},"image":{"@id":"https:\/\/equipelabrosse.com\/#\/schema\/logo\/image\/"},"sameAs":["https:\/\/www.facebook.com\/equipelabrosse","https:\/\/x.com\/EquipeLabrosse","https:\/\/www.instagram.com\/equipelabrosse\/?hl=fr","https:\/\/www.linkedin.com\/company\/72288987\/admin\/"]}]}},"_links":{"self":[{"href":"https:\/\/equipelabrosse.com\/en\/wp-json\/wp\/v2\/pages\/121","targetHints":{"allow":["GET"]}}],"collection":[{"href":"https:\/\/equipelabrosse.com\/en\/wp-json\/wp\/v2\/pages"}],"about":[{"href":"https:\/\/equipelabrosse.com\/en\/wp-json\/wp\/v2\/types\/page"}],"author":[{"embeddable":true,"href":"https:\/\/equipelabrosse.com\/en\/wp-json\/wp\/v2\/users\/1"}],"replies":[{"embeddable":true,"href":"https:\/\/equipelabrosse.com\/en\/wp-json\/wp\/v2\/comments?post=121"}],"version-history":[{"count":2,"href":"https:\/\/equipelabrosse.com\/en\/wp-json\/wp\/v2\/pages\/121\/revisions"}],"predecessor-version":[{"id":1672,"href":"https:\/\/equipelabrosse.com\/en\/wp-json\/wp\/v2\/pages\/121\/revisions\/1672"}],"up":[{"embeddable":true,"href":"https:\/\/equipelabrosse.com\/en\/wp-json\/wp\/v2\/pages\/15"}],"wp:attachment":[{"href":"https:\/\/equipelabrosse.com\/en\/wp-json\/wp\/v2\/media?parent=121"}],"curies":[{"name":"wp","href":"https:\/\/api.w.org\/{rel}","templated":true}]}}